{"id":851,"date":"2018-08-31T14:27:10","date_gmt":"2018-08-31T17:27:10","guid":{"rendered":"https:\/\/esc39-sfe.infd.edu.ar\/sitio\/documentacion-a-presentar\/"},"modified":"2023-11-29T18:33:18","modified_gmt":"2023-11-29T21:33:18","slug":"documentacion-a-presentar","status":"publish","type":"page","link":"https:\/\/esc39-sfe.infd.edu.ar\/sitio\/documentacion-a-presentar\/","title":{"rendered":"DOCUMENTACION A PRESENTAR"},"content":{"rendered":"<p><span style=\"font-size: 18pt;\"><strong><span style=\"text-decoration: underline;\">DOCUMENTACI\u00d3N A PRESENTAR<\/span><\/strong><\/span><\/p>\n<ol>\n<li><span style=\"font-size: 14pt;\">T\u00edtulo secundario (Fotocopia) o constancia de t\u00edtulo en tr\u00e1mite.<\/span><\/li>\n<li><span style=\"font-size: 14pt;\">Fotocopia de acta de Nacimiento<\/span><\/li>\n<li><span style=\"font-size: 14pt;\">Fotocopia de DNI<\/span><\/li>\n<li><span style=\"font-size: 14pt;\">Certificado de aptitud f\u00edsica.<\/span><\/li>\n<li><span style=\"font-size: 14pt;\">Una foto carnet 4 x 4<\/span><\/li>\n<\/ol>\n<p><span style=\"font-size: 14pt;\">\u00a0<\/span><\/p>\n","protected":false},"excerpt":{"rendered":"<p>DOCUMENTACI\u00d3N A PRESENTAR T\u00edtulo secundario (Fotocopia) o constancia de t\u00edtulo en tr\u00e1mite. Fotocopia de acta de Nacimiento Fotocopia de DNI Certificado de aptitud f\u00edsica. Una foto carnet 4 x 4 \u00a0<\/p>\n","protected":false},"author":35,"featured_media":0,"parent":0,"menu_order":0,"comment_status":"closed","ping_status":"closed","template":"","meta":[],"acf":[],"_links":{"self":[{"href":"https:\/\/esc39-sfe.infd.edu.ar\/sitio\/wp-json\/wp\/v2\/pages\/851"}],"collection":[{"href":"https:\/\/esc39-sfe.infd.edu.ar\/sitio\/wp-json\/wp\/v2\/pages"}],"about":[{"href":"https:\/\/esc39-sfe.infd.edu.ar\/sitio\/wp-json\/wp\/v2\/types\/page"}],"author":[{"embeddable":true,"href":"https:\/\/esc39-sfe.infd.edu.ar\/sitio\/wp-json\/wp\/v2\/users\/35"}],"replies":[{"embeddable":true,"href":"https:\/\/esc39-sfe.infd.edu.ar\/sitio\/wp-json\/wp\/v2\/comments?post=851"}],"version-history":[{"count":3,"href":"https:\/\/esc39-sfe.infd.edu.ar\/sitio\/wp-json\/wp\/v2\/pages\/851\/revisions"}],"predecessor-version":[{"id":1379,"href":"https:\/\/esc39-sfe.infd.edu.ar\/sitio\/wp-json\/wp\/v2\/pages\/851\/revisions\/1379"}],"wp:attachment":[{"href":"https:\/\/esc39-sfe.infd.edu.ar\/sitio\/wp-json\/wp\/v2\/media?parent=851"}],"curies":[{"name":"wp","href":"https:\/\/api.w.org\/{rel}","templated":true}]}}