{"id":841,"date":"2018-08-31T14:27:05","date_gmt":"2018-08-31T17:27:05","guid":{"rendered":"https:\/\/esc39-sfe.infd.edu.ar\/sitio\/viaje-a-rosario\/"},"modified":"2021-04-16T12:41:59","modified_gmt":"2021-04-16T15:41:59","slug":"correlatividades-2","status":"publish","type":"page","link":"https:\/\/esc39-sfe.infd.edu.ar\/sitio\/correlatividades-2\/","title":{"rendered":"Correlatividades P.E.I."},"content":{"rendered":"<p><img decoding=\"async\" loading=\"lazy\" class=\"alignnone size-full wp-image-1004\" src=\"https:\/\/esc39-sfe.infd.edu.ar\/sitio\/wp-content\/uploads\/2020\/04\/correlativas-inicial-1-1.png\" alt=\"\" width=\"518\" height=\"182\" \/><img decoding=\"async\" loading=\"lazy\" class=\"alignnone size-full wp-image-1009\" src=\"https:\/\/esc39-sfe.infd.edu.ar\/sitio\/wp-content\/uploads\/2020\/04\/correlativas-inicial-2-1.png\" alt=\"\" width=\"512\" height=\"331\" \/><\/p>\n<p>&nbsp;<\/p>\n<table style=\"height: 1213px;\" width=\"749\">\n<tbody>\n<tr>\n<td><strong>UNIDAD CURRICULAR<\/strong><\/td>\n<td><strong>\u00a0 \u00a0 \u00a0 \u00a0 \u00a0 \u00a0 \u00a0 \u00a0 \u00a0 \u00a0 \u00a0 CORRELATIVA<\/strong><\/td>\n<\/tr>\n<tr>\n<td colspan=\"2\"><strong>SEGUNDO A\u00d1O<\/strong><\/td>\n<\/tr>\n<tr>\n<td>TALLER DE<\/p>\n<p>PR\u00c1CTICA II<\/td>\n<td><strong>APROBADAS<\/strong>:<br \/>\nTALLER DE PR\u00c1CTICA I<br \/>\nAL MENOS TRES TALLERES DE PRIMER A\u00d1O DEL CAMPO DE LA FORMACI\u00d3N ESPEC\u00cdFICA<br \/>\n<strong>REGULARIZADAS<\/strong>:<br \/>\nPEDAGOG\u00cdA<br \/>\nPSCOLOG\u00cdA Y EDUCACI\u00d3N<\/td>\n<\/tr>\n<tr>\n<td colspan=\"2\"><strong>TERCER A\u00d1O<\/strong><\/td>\n<\/tr>\n<tr>\n<td>TALLER DE<\/p>\n<p>PR\u00c1CTICA III<\/td>\n<td><strong>APROBADAS<\/strong>:<br \/>\nTODAS LAS UNIDADES CURRICULARES DE LOS TRES CAMPOS DE PRIMER A\u00d1O<br \/>\nTALLER DE PR\u00c1CTICA II<br \/>\n<strong>REGULARIZADAS<\/strong>:<br \/>\nDID\u00c1CTICA GENERAL<br \/>\nDID\u00c1CTICA EN\u00a0LA EDUCACI\u00d3N INICIAL I<br \/>\nMATEM\u00c1TICA Y SU DID\u00c1CTICA I<br \/>\nSUJETOS DE LA EDUCACI\u00d3N INICIAL<br \/>\nLITERATURA Y SU DID\u00c1CTICA I<br \/>\nCIENCIAS NATURALES Y SU DID\u00c1CTICA<br \/>\nCONOCIMIENTO Y EDUCACI\u00d3N<\/td>\n<\/tr>\n<tr>\n<td colspan=\"2\"><strong>CUARTO A\u00d1O<\/strong><\/td>\n<\/tr>\n<tr>\n<td>TALLER DE<\/p>\n<p>PR\u00c1CTICA IV Y ATENEO<\/td>\n<td><strong>APROBADAS<\/strong><br \/>\nTODAS LAS UNIDADES CURRICULARES DE LOS TRES CAMPOS DE SEGUNDO A\u00d1O<br \/>\nTALLER DE PR\u00c1CTICA III<br \/>\n\u00c1REA EST\u00c9TICO EXPRESIVA II<br \/>\n<strong>REGULARIZADAS:\u00a0<\/strong><br \/>\nTECNOLOG\u00cdAS DE LA INFORMACI\u00d3N Y DE LA COMUNICACI\u00d3N,<br \/>\nMATEM\u00c1TICA Y SU DID\u00c1CTICA II<br \/>\nLENGUA Y SU DID\u00c1CTICA<br \/>\nALFABETIZACI\u00d3N INICIAL<br \/>\nCIENCIAS SOCIALES Y SU DID\u00c1CTICA, PROBLEM\u00c1TICAS CONTEMPOR\u00c1NEAS DEL NIVEL II<\/td>\n<\/tr>\n<\/tbody>\n<\/table>\n","protected":false},"excerpt":{"rendered":"<p>&nbsp; UNIDAD CURRICULAR \u00a0 \u00a0 \u00a0 \u00a0 \u00a0 \u00a0 \u00a0 \u00a0 \u00a0 \u00a0 \u00a0 CORRELATIVA SEGUNDO A\u00d1O TALLER DE PR\u00c1CTICA II APROBADAS: TALLER DE PR\u00c1CTICA I AL MENOS TRES TALLERES DE PRIMER A\u00d1O DEL CAMPO DE LA FORMACI\u00d3N ESPEC\u00cdFICA REGULARIZADAS: PEDAGOG\u00cdA PSCOLOG\u00cdA Y EDUCACI\u00d3N TERCER A\u00d1O TALLER DE PR\u00c1CTICA III APROBADAS: TODAS LAS UNIDADES CURRICULARES &#8230; <a title=\"Correlatividades P.E.I.\" class=\"read-more\" href=\"https:\/\/esc39-sfe.infd.edu.ar\/sitio\/correlatividades-2\/\" aria-label=\"More on Correlatividades P.E.I.\">[+]<\/a><\/p>\n","protected":false},"author":35,"featured_media":0,"parent":0,"menu_order":0,"comment_status":"closed","ping_status":"closed","template":"","meta":[],"acf":[],"_links":{"self":[{"href":"https:\/\/esc39-sfe.infd.edu.ar\/sitio\/wp-json\/wp\/v2\/pages\/841"}],"collection":[{"href":"https:\/\/esc39-sfe.infd.edu.ar\/sitio\/wp-json\/wp\/v2\/pages"}],"about":[{"href":"https:\/\/esc39-sfe.infd.edu.ar\/sitio\/wp-json\/wp\/v2\/types\/page"}],"author":[{"embeddable":true,"href":"https:\/\/esc39-sfe.infd.edu.ar\/sitio\/wp-json\/wp\/v2\/users\/35"}],"replies":[{"embeddable":true,"href":"https:\/\/esc39-sfe.infd.edu.ar\/sitio\/wp-json\/wp\/v2\/comments?post=841"}],"version-history":[{"count":6,"href":"https:\/\/esc39-sfe.infd.edu.ar\/sitio\/wp-json\/wp\/v2\/pages\/841\/revisions"}],"predecessor-version":[{"id":1229,"href":"https:\/\/esc39-sfe.infd.edu.ar\/sitio\/wp-json\/wp\/v2\/pages\/841\/revisions\/1229"}],"wp:attachment":[{"href":"https:\/\/esc39-sfe.infd.edu.ar\/sitio\/wp-json\/wp\/v2\/media?parent=841"}],"curies":[{"name":"wp","href":"https:\/\/api.w.org\/{rel}","templated":true}]}}