{"id":827,"date":"2018-08-31T14:26:59","date_gmt":"2018-08-31T17:26:59","guid":{"rendered":"https:\/\/esc39-sfe.infd.edu.ar\/sitio\/regimen-de-asistencia-y-promocion\/"},"modified":"2020-04-11T17:31:18","modified_gmt":"2020-04-11T20:31:18","slug":"regimen-de-asistencia-y-promocion","status":"publish","type":"page","link":"https:\/\/esc39-sfe.infd.edu.ar\/sitio\/regimen-de-asistencia-y-promocion\/","title":{"rendered":"Reglamento Acad\u00e9mico Interno"},"content":{"rendered":"<p><span style=\"color: #993300; font-size: 14pt;\"><strong>PROFESORADO DE EDUCACI\u00d3N PRIMARIA<\/strong><\/span><\/p>\n<p><strong>R.A.I. (Sinopsis)<\/strong><\/p>\n<p>-INGRESO: la inscripci\u00f3n se realizar\u00e1 en secretar\u00eda donde se indicar\u00e1 la documentaci\u00f3n a presentar, para lo cual se tiene plazo hasta el 30 de abril ( o primer d\u00eda h\u00e1bil posterior). En caso de adeudar materia en el nivel secundario tiene tiempo para presentar el certificado de culminaci\u00f3n de \u00e9ste nivel hasta el \u00faltimo d\u00eda h\u00e1bil del ciclo lectivo.<\/p>\n<p>-CURSO INTRODUCTORIO: constar\u00e1 de 4 encuentros de car\u00e1cter obligatorio no eliminatorio.<\/p>\n<p>-REQUISITOS PARA MANTENER LA CONDICI\u00d3N DE ALUMNO del instituto:<\/p>\n<ol>\n<li>a) inscribirse en las Unidades Curriculares que deseen, eligiendo condici\u00f3n y modalidad. La inscripci\u00f3n se realizar\u00e1 en dos fechas por a\u00f1o acad\u00e9mico: antes del inicio del ciclo lectivo: que permite el cursado de las Unidades curriculares anuales y cuatrimestrales del primer cuatrimestre; la segunda, despu\u00e9s de finalizado el primer cuatrimestre y antes del comienzo del segundo, que habilita al cursado de las unidades curriculares de \u00e9ste \u00faltimo<\/li>\n<\/ol>\n<p><u>ACLARACI\u00d3N<\/u>: \u00a0a.1)se entiende por <strong>Unidad Curricular<\/strong> todos los formatos de cursado que pueden ser: Materia; Taller; Seminario; Proyectos; Trabajo de Campo; M\u00f3dulos; Ateneo; Residencia.<\/p>\n<p>a.2) <strong><u>Condici\u00f3n<\/u><\/strong><u> de cursado: <\/u>el alumno puede ser regular o libre.<\/p>\n<p><strong>&#8211; ser\u00e1n regulares <\/strong>aquellos estudiantes que cumplimenten los requisitos determinados a tal fin por los docentes en sus planificaciones, fijando las condiciones de promoci\u00f3n y acreditaci\u00f3n de la Unidad Curricular. El estudiante tendr\u00e1 derecho a un recuperatorio en todas las instancias acreditables (parciales, trabajos-pr\u00e1cticos, otros que determinen los docentes en sus planificaciones).<\/p>\n<p>La regularidad tendr\u00e1 validez 3 (tres) a\u00f1os consecutivos a partir del primer turno correspondiente al a\u00f1o lectivo siguiente al de la cursada.<\/p>\n<p>Cada estudiante deber\u00e1 presentarse a ex\u00e1menes finales. De no aprobar en el lapso indicado, queda en condici\u00f3n de libre o de recursar la unidad curricular.<\/p>\n<p>Las fechas de ex\u00e1menes se establecen por calendario jurisdiccional y en caso de que haya m\u00e1s de un llamado por turno, el estudiante puede presentarse en todos ellos.<\/p>\n<p>&#8211;<strong>el estudiante libre <\/strong>deber\u00e1 aprobar un examen final ante un Tribunal con una nota m\u00ednima de 6 (seis). Cada docente en su planificaci\u00f3n indicar\u00e1 la modalidad del examen del estudiante libre, no pudiendo establecer requerimientos extraordinarios o de mayor exigencia que los propuestos de aprobaci\u00f3n para el estudiante regular.<\/p>\n<p><strong>Quedan EXCLUIDOS <\/strong>\u00a0de \u00e9ste r\u00e9gimen de estudiante libre los Talleres, Seminarios, Trabajo de Campo, M\u00f3dulos, Laboratorios y Proyectos. Solo se podr\u00e1n cursar en condici\u00f3n de libre Unidades curriculares con Formato MATERIA.<\/p>\n<p>a.3) <strong><u>Modalidad<\/u><\/strong><u> de cursado<\/u>: se refiere a la asistencia de los alumnos, la cual se computar\u00e1 por Unidad curricular y hora de clase dictada, siempre por cuatrimestre escolar. As\u00ed los alumnos regulares pueden optar por dos modalidades de cursado presencial o semipresencial.<\/p>\n<p>&#8211;<strong>Es alumno regular con cursado presencial: <\/strong>aquel que c\u00f3mo m\u00ednimo cumpla con el 75 % de asistencia (en caso de ausencias por salud, trabajo, y\/o causas debidamente comprobadas, el m\u00ednimo ser\u00e1 del 50 %)<\/p>\n<p>&#8211;<strong>Es alumno regular con cursado semipresencial:<\/strong> el que cumple con un m\u00ednimo de 40 % de asistencia por cuatrimestre. Estos alumnos presentar\u00e1n en cada cuatrimestre un trabajo pr\u00e1ctico que recupere aquellos aspectos trabajados en las clases a las que no asisti\u00f3.<\/p>\n<p>Ambas modalidades requieren aprobar dos ex\u00e1menes parciales con una calificaci\u00f3n m\u00ednima de 6 (seis).<\/p>\n<p>En caso de estudiantes inscriptos como regulares con cursado presencial o regulares con cursado semi-presencial, que una vez comenzado el per\u00edodo de clases, no pudieren reunir las condiciones exigidas por la\u00a0 modalidad de su elecci\u00f3n ( con razones fundamentadas), podr\u00e1 cambiarse a regular con cursado semi-presencial o libre seg\u00fan sea el caso<\/p>\n<p>-Los seminarios, proyectos, m\u00f3dulos: se cursan en formato de estudiante regular con cursado presencial o semipresencial; aprueban con <strong>6 o m\u00e1s; y <\/strong>m\u00ednimamente deben presentar y aprobar un trabajo final escrito con su correspondiente defensa oral. La regularidad tiene validez un a\u00f1o a partir del primer turno de examen siguiente a la cursada. Si no aprueba la defensa oral en este per\u00edodo debe recursar.<\/p>\n<p>-Los talleres, trabajo de campo, laboratorio: son de cursada presencial por lo que deben cumplimentar un m\u00ednimo del 75 % de asistencia; aprobar el 100 % de las instancias de evaluaci\u00f3n previstas en la planificaci\u00f3n anual del docente, la que contemplar\u00e1 una instancia final integradora. La nota ser\u00e1 de <strong>6 o m\u00e1s sin cent\u00e9simos. NO EST\u00c1N INCLUIDOS AQU\u00cd LOS TALLERES DE PR\u00c1CTICA.<\/strong><\/p>\n<p>SI NO ALCANZARE LA PROMOCI\u00d3N al finalizar el a\u00f1o , el docente podr\u00e1 implementar los medios necesarios para recuperar aspectos no aprobados en los dos turnos consecutivos posteriores a la finalizaci\u00f3n del cursado. Esto <strong>NO ES VALIDO PARA LAS RESIDENCIAS.<\/strong><\/p>\n<p><strong>-T<\/strong>alleres de pr\u00e1ctica docente: deben cumplimentar 75 % de asistencia como m\u00ednimo; aprobar 100 % de instancias de evaluaci\u00f3n previstas en los Talleres de pr\u00e1ctica; asistir al 100 % a las tareas asignadas en las instituciones asociadas; aprobar una instancia final de integraci\u00f3n determinada por cada instituto y la nota m\u00ednima de aprobaci\u00f3n es de <strong>8 o m\u00e1s. <\/strong><\/p>\n<ol>\n<li>b) <strong>Es condici\u00f3n para la permanencia <\/strong>como estudiante de la carrera, regularizar o aprobar una Unidad curricular por a\u00f1o calendario.<\/li>\n<\/ol>\n<p><strong>-PARA APROBAR unidades curriculares: <\/strong>puede ser por promoci\u00f3n directa o con examen final.<\/p>\n<ol>\n<li>a) <u>en la promoci\u00f3n con examen final<\/u> los estudiantes, ya sean libres o regulares, deber\u00e1n inscribirse previamente. La modalidad del examen podr\u00e1 ser oral, escrito, de desempe\u00f1o o mixto. La nota de aprobaci\u00f3n ser\u00e1 <strong>6 o mas sin cent\u00e9simos <\/strong>y resultar\u00e1 del examen final; o del promedio de los ex\u00e1menes finales cuando se hayan combinado las modalidades. ( la escala de calificaci\u00f3n es de 1 a 10)<\/li>\n<\/ol>\n<p>El examen final se realiza ante un Tribunal compuesto por tres miembros, siendo el profesor de la unidad quien oficie como Presidente de mesa.<\/p>\n<ol>\n<li>b) <u>para acceder a la promoci\u00f3n directa: <\/u>los estudiantes deben cumplir con el porcentaje de asistencia del r\u00e9gimen presencial; aprobar el 100 % de los trabajos pr\u00e1cticos entregados en tiempo y en forma y aprobar los ex\u00e1menes parciales con un promedio de <strong>8 (OCHO) o m\u00e1s puntos, culminando con la aprobaci\u00f3n de una instancia final integradora ( <\/strong>no es examen) que deber\u00e1 aprobar con <strong>8 o m\u00e1s. \u00c9sta se realiza la \u00faltima semana de cursado.<\/strong><\/li>\n<\/ol>\n<p>Si no aprueba esta instancia deber\u00e1 rendir normalmente.<\/p>\n<p>-HOMOLOGACIONES: estudiantes que hubieren aprobado unidades curriculares en carreras distintas o de una misma carrera con distinto Plan de estudio, podr\u00e1n solicitar homologaciones. El tr\u00e1mite se realiza en secretar\u00eda.<\/p>\n<p>&nbsp;<\/p>\n","protected":false},"excerpt":{"rendered":"<p>PROFESORADO DE EDUCACI\u00d3N PRIMARIA R.A.I. (Sinopsis) -INGRESO: la inscripci\u00f3n se realizar\u00e1 en secretar\u00eda donde se indicar\u00e1 la documentaci\u00f3n a presentar, para lo cual se tiene plazo hasta el 30 de abril ( o primer d\u00eda h\u00e1bil posterior). En caso de adeudar materia en el nivel secundario tiene tiempo para presentar el certificado de culminaci\u00f3n de &#8230; <a title=\"Reglamento Acad\u00e9mico Interno\" class=\"read-more\" href=\"https:\/\/esc39-sfe.infd.edu.ar\/sitio\/regimen-de-asistencia-y-promocion\/\" aria-label=\"More on Reglamento Acad\u00e9mico Interno\">[+]<\/a><\/p>\n","protected":false},"author":35,"featured_media":0,"parent":0,"menu_order":0,"comment_status":"closed","ping_status":"closed","template":"","meta":[],"acf":[],"_links":{"self":[{"href":"https:\/\/esc39-sfe.infd.edu.ar\/sitio\/wp-json\/wp\/v2\/pages\/827"}],"collection":[{"href":"https:\/\/esc39-sfe.infd.edu.ar\/sitio\/wp-json\/wp\/v2\/pages"}],"about":[{"href":"https:\/\/esc39-sfe.infd.edu.ar\/sitio\/wp-json\/wp\/v2\/types\/page"}],"author":[{"embeddable":true,"href":"https:\/\/esc39-sfe.infd.edu.ar\/sitio\/wp-json\/wp\/v2\/users\/35"}],"replies":[{"embeddable":true,"href":"https:\/\/esc39-sfe.infd.edu.ar\/sitio\/wp-json\/wp\/v2\/comments?post=827"}],"version-history":[{"count":3,"href":"https:\/\/esc39-sfe.infd.edu.ar\/sitio\/wp-json\/wp\/v2\/pages\/827\/revisions"}],"predecessor-version":[{"id":948,"href":"https:\/\/esc39-sfe.infd.edu.ar\/sitio\/wp-json\/wp\/v2\/pages\/827\/revisions\/948"}],"wp:attachment":[{"href":"https:\/\/esc39-sfe.infd.edu.ar\/sitio\/wp-json\/wp\/v2\/media?parent=827"}],"curies":[{"name":"wp","href":"https:\/\/api.w.org\/{rel}","templated":true}]}}