{"id":794,"date":"2018-08-31T14:26:46","date_gmt":"2018-08-31T17:26:46","guid":{"rendered":"https:\/\/esc39-sfe.infd.edu.ar\/sitio\/profesorado-de-educacion-primaria\/"},"modified":"2020-03-31T16:11:11","modified_gmt":"2020-03-31T19:11:11","slug":"profesorado-de-educacion-primaria","status":"publish","type":"page","link":"https:\/\/esc39-sfe.infd.edu.ar\/sitio\/profesorado-de-educacion-primaria\/","title":{"rendered":"Profesorado de Educaci\u00f3n Primaria"},"content":{"rendered":"<p><span style=\"font-family: verdana,geneva; font-size: 14pt;\">DURACI\u00d3N DE LA CARRERA:<\/span><\/p>\n<p><span style=\"font-family: book antiqua,palatino; font-size: 12pt;\">04 A\u00f1os<\/span><\/p>\n<p><span style=\"font-family: book antiqua,palatino; font-size: 12pt;\">Carga horaria total de la carrera en horas reloj: 2816<\/span><\/p>\n<p><span style=\"font-family: book antiqua,palatino; font-size: 12pt;\">Carga horaria total de la carrera en horas c\u00e1tedra: 4224<\/span><\/p>\n<p><span style=\"font-size: 14pt;\">T\u00cdTULO A OTORGAR:<\/span><\/p>\n<p><span style=\"font-size: 12pt; font-family: book antiqua,palatino;\">Profesor\/a de Educaci\u00f3n Primaria<\/span><\/p>\n<p><span style=\"font-size: 14pt;\">COMPETENCIAS PARA EL EJERCICIO DE LA DOCENCIA:<\/span><\/p>\n<p><span style=\"font-family: book antiqua,palatino; font-size: 12pt;\">T\u00edtulo docente para desempe\u00f1arse en todos los a\u00f1os de la Educaci\u00f3n Primaria.<\/span><\/p>\n","protected":false},"excerpt":{"rendered":"<p>DURACI\u00d3N DE LA CARRERA: 04 A\u00f1os Carga horaria total de la carrera en horas reloj: 2816 Carga horaria total de la carrera en horas c\u00e1tedra: 4224 T\u00cdTULO A OTORGAR: Profesor\/a de Educaci\u00f3n Primaria COMPETENCIAS PARA EL EJERCICIO DE LA DOCENCIA: T\u00edtulo docente para desempe\u00f1arse en todos los a\u00f1os de la Educaci\u00f3n Primaria.<\/p>\n","protected":false},"author":35,"featured_media":0,"parent":0,"menu_order":0,"comment_status":"closed","ping_status":"closed","template":"","meta":[],"acf":[],"_links":{"self":[{"href":"https:\/\/esc39-sfe.infd.edu.ar\/sitio\/wp-json\/wp\/v2\/pages\/794"}],"collection":[{"href":"https:\/\/esc39-sfe.infd.edu.ar\/sitio\/wp-json\/wp\/v2\/pages"}],"about":[{"href":"https:\/\/esc39-sfe.infd.edu.ar\/sitio\/wp-json\/wp\/v2\/types\/page"}],"author":[{"embeddable":true,"href":"https:\/\/esc39-sfe.infd.edu.ar\/sitio\/wp-json\/wp\/v2\/users\/35"}],"replies":[{"embeddable":true,"href":"https:\/\/esc39-sfe.infd.edu.ar\/sitio\/wp-json\/wp\/v2\/comments?post=794"}],"version-history":[{"count":1,"href":"https:\/\/esc39-sfe.infd.edu.ar\/sitio\/wp-json\/wp\/v2\/pages\/794\/revisions"}],"predecessor-version":[{"id":895,"href":"https:\/\/esc39-sfe.infd.edu.ar\/sitio\/wp-json\/wp\/v2\/pages\/794\/revisions\/895"}],"wp:attachment":[{"href":"https:\/\/esc39-sfe.infd.edu.ar\/sitio\/wp-json\/wp\/v2\/media?parent=794"}],"curies":[{"name":"wp","href":"https:\/\/api.w.org\/{rel}","templated":true}]}}