{"id":286,"date":"2016-10-31T13:17:59","date_gmt":"2016-10-31T16:17:59","guid":{"rendered":"https:\/\/esc39-sfe.infd.edu.ar\/sitio\/?page_id=286"},"modified":"2025-10-22T06:41:04","modified_gmt":"2025-10-22T09:41:04","slug":"inicio","status":"publish","type":"page","link":"https:\/\/esc39-sfe.infd.edu.ar\/sitio\/","title":{"rendered":"Inicio"},"content":{"rendered":"<div id=\"metaslider-id-1102\" style=\"width: 100%;\" class=\"ml-slider-3-33-0 metaslider metaslider-flex metaslider-1102 ml-slider ms-theme-default\" role=\"region\" aria-roledescription=\"Slideshow\" aria-label=\"Slideshow\">\n    <div id=\"metaslider_container_1102\">\n        <div id=\"metaslider_1102\" class=\"flexslider\">\n            <ul aria-live=\"polite\" class=\"slides\">\n                <li style=\"display: block; width: 100%;\" class=\"slide-1134 ms-image\" aria-roledescription=\"slide\" aria-label=\"slide-1134\"><img src=\"https:\/\/esc39-sfe.infd.edu.ar\/sitio\/wp-content\/uploads\/2020\/11\/White-Video-Centric-Brand-_-Business-Birthday-Promo-Facebook-Cover-1133x370.png\" height=\"370\" width=\"1133\" alt=\"\" class=\"slider-1102 slide-1134\" title=\"White Video Centric Brand _ Business Birthday Promo Facebook Cover\" \/><\/li>\n                <li style=\"display: none; width: 100%;\" class=\"slide-1136 ms-image\" aria-roledescription=\"slide\" aria-label=\"slide-1136\"><img src=\"https:\/\/esc39-sfe.infd.edu.ar\/sitio\/wp-content\/uploads\/2020\/11\/White-Video-Centric-Brand-_-Business-Birthday-Promo-Facebook-Cover-1-1133x370.png\" height=\"370\" width=\"1133\" alt=\"\" class=\"slider-1102 slide-1136\" title=\"White Video Centric Brand _ Business Birthday Promo Facebook Cover (1)\" \/><\/li>\n                <li style=\"display: none; width: 100%;\" class=\"slide-1138 ms-image\" aria-roledescription=\"slide\" aria-label=\"slide-1138\"><img src=\"https:\/\/esc39-sfe.infd.edu.ar\/sitio\/wp-content\/uploads\/2025\/10\/2-851x277.png\" height=\"370\" width=\"1133\" alt=\"\" class=\"slider-1102 slide-1138\" title=\"2\" \/><\/li>\n                <li style=\"display: none; width: 100%;\" class=\"slide-1140 ms-image\" aria-roledescription=\"slide\" aria-label=\"slide-1140\"><img src=\"https:\/\/esc39-sfe.infd.edu.ar\/sitio\/wp-content\/uploads\/2025\/10\/3-851x277.png\" height=\"370\" width=\"1133\" alt=\"\" class=\"slider-1102 slide-1140\" title=\"3\" \/><\/li>\n                <li style=\"display: none; width: 100%;\" class=\"slide-1142 ms-image\" aria-roledescription=\"slide\" aria-label=\"slide-1142\"><img src=\"https:\/\/esc39-sfe.infd.edu.ar\/sitio\/wp-content\/uploads\/2025\/10\/1-851x277.png\" height=\"370\" width=\"1133\" alt=\"\" class=\"slider-1102 slide-1142\" title=\"1\" \/><\/li>\n                <li style=\"display: none; width: 100%;\" class=\"slide-1268 ms-image\" aria-roledescription=\"slide\" aria-label=\"slide-1268\"><img src=\"https:\/\/esc39-sfe.infd.edu.ar\/sitio\/wp-content\/uploads\/2025\/10\/4-851x277.png\" height=\"370\" width=\"1133\" alt=\"\" class=\"slider-1102 slide-1268\" title=\"4\" \/><\/li>\n                <li style=\"display: none; width: 100%;\" class=\"slide-1144 ms-image\" aria-roledescription=\"slide\" aria-label=\"slide-1144\"><img src=\"https:\/\/esc39-sfe.infd.edu.ar\/sitio\/wp-content\/uploads\/2022\/11\/Diseno-sin-titulo-1133x370.jpg\" height=\"370\" width=\"1133\" alt=\"\" class=\"slider-1102 slide-1144\" title=\"Dise\u00f1o sin t\u00edtulo\" \/><\/li>\n                <li style=\"display: none; width: 100%;\" class=\"slide-1146 ms-image\" aria-roledescription=\"slide\" aria-label=\"slide-1146\"><img src=\"https:\/\/esc39-sfe.infd.edu.ar\/sitio\/wp-content\/uploads\/2022\/11\/Estudio-de-Fotografia-Portada-de-Facebook-5-851x277.png\" height=\"370\" width=\"1133\" alt=\"\" class=\"slider-1102 slide-1146\" title=\"Estudio de Fotograf\u00eda Portada de Facebook-5\" \/><\/li>\n                <li style=\"display: none; width: 100%;\" class=\"slide-1148 ms-image\" aria-roledescription=\"slide\" aria-label=\"slide-1148\"><img src=\"https:\/\/esc39-sfe.infd.edu.ar\/sitio\/wp-content\/uploads\/2022\/11\/Estudio-de-Fotografia-Portada-de-Facebook-6-851x277.png\" height=\"370\" width=\"1133\" alt=\"\" class=\"slider-1102 slide-1148\" title=\"Estudio de Fotograf\u00eda Portada de Facebook-6\" \/><\/li>\n                <li style=\"display: none; width: 100%;\" class=\"slide-1413 ms-image\" aria-roledescription=\"slide\" aria-label=\"slide-1413\"><img src=\"https:\/\/esc39-sfe.infd.edu.ar\/sitio\/wp-content\/uploads\/2025\/10\/5-1-851x277.png\" height=\"370\" width=\"1133\" alt=\"\" class=\"slider-1102 slide-1413\" title=\"5\" \/><\/li>\n            <\/ul>\n        <\/div>\n        \n    <\/div>\n<\/div>\n<h1 style=\"text-align: center;\"><strong>Noticias<\/strong><\/h1>\n<div  class=\"lgc-column lgc-grid-parent lgc-grid-50 lgc-tablet-grid-50 lgc-mobile-grid-100 lgc-equal-heights \"><div  class=\"inside-grid-column\"><a href=\"https:\/\/esc39-sfe.infd.edu.ar\/sitio\/solicitud-de-pre-inscripcion\/\"><img decoding=\"async\" loading=\"lazy\" class=\"alignnone wp-image-1395 size-full\" src=\"https:\/\/esc39-sfe.infd.edu.ar\/sitio\/wp-content\/uploads\/2025\/10\/ingre-1.png\" alt=\"\" width=\"1000\" height=\"1000\" srcset=\"https:\/\/esc39-sfe.infd.edu.ar\/sitio\/wp-content\/uploads\/2025\/10\/ingre-1.png 1000w, https:\/\/esc39-sfe.infd.edu.ar\/sitio\/wp-content\/uploads\/2025\/10\/ingre-1-500x500.png 500w, https:\/\/esc39-sfe.infd.edu.ar\/sitio\/wp-content\/uploads\/2025\/10\/ingre-1-768x768.png 768w\" sizes=\"(max-width: 1000px) 100vw, 1000px\" \/><\/a><\/div><\/div><div  class=\"lgc-column lgc-grid-parent lgc-grid-50 lgc-tablet-grid-50 lgc-mobile-grid-100 lgc-equal-heights \"><div  class=\"inside-grid-column\"> <a href=\"https:\/\/esc39-sfe.infd.edu.ar\/sitio\/oferta-academica\/?preview_id=1154&amp;preview_nonce=6f0f83e61c&amp;preview=true\"><img decoding=\"async\" loading=\"lazy\" class=\"alignnone wp-image-1396 size-full\" src=\"https:\/\/esc39-sfe.infd.edu.ar\/sitio\/wp-content\/uploads\/2025\/10\/Oferta.png\" alt=\"\" width=\"1000\" height=\"1000\" srcset=\"https:\/\/esc39-sfe.infd.edu.ar\/sitio\/wp-content\/uploads\/2025\/10\/Oferta.png 1000w, https:\/\/esc39-sfe.infd.edu.ar\/sitio\/wp-content\/uploads\/2025\/10\/Oferta-500x500.png 500w, https:\/\/esc39-sfe.infd.edu.ar\/sitio\/wp-content\/uploads\/2025\/10\/Oferta-768x768.png 768w\" sizes=\"(max-width: 1000px) 100vw, 1000px\" \/><\/a>\u00a0<\/div><\/div><a href=\"https:\/\/esc39-sfe.infd.edu.ar\/sitio\/oferta-academica\/\"><div  class=\"lgc-column lgc-grid-parent lgc-grid-33 lgc-tablet-grid-50 lgc-mobile-grid-100 lgc-equal-heights \"><div  class=\"inside-grid-column\"><\/div><\/div><\/a><!--more--><\/p>\n<hr \/>\n<h1 style=\"text-align: left;\">Ingresantes 2026<\/h1>\n<p>&nbsp;<\/p>\n<p style=\"text-align: center;\">\u00a0 \u00a0 &lt;<iframe loading=\"lazy\" title=\"YouTube video player\" src=\"https:\/\/www.youtube.com\/embed\/5qCaGYcfzCg\" width=\"560\" height=\"315\" frameborder=\"0\" allowfullscreen=\"allowfullscreen\"><\/iframe>&gt;<\/p>\n<h1 style=\"text-align: center;\">\u00a0<\/h1>\n<hr \/>\n<h1 style=\"text-align: left;\">Nuestro Instituto<\/h1>\n<hr \/>\n<p><img decoding=\"async\" loading=\"lazy\" class=\"aligncenter\" title=\"39\" src=\"https:\/\/esc39-sfe.infd.edu.ar\/sitio\/wp-content\/uploads\/2018\/08\/1891491_1398712330417000_7671140431679358152_o.jpg\" alt=\"39\" width=\"647\" height=\"626\" border=\"0\" \/><\/p>\n<table id=\"table1\" style=\"width: 100%;\" border=\"1\" cellspacing=\"0\" cellpadding=\"10\" align=\"center\">\n<tbody>\n<tr>\n<td style=\"border: 1px solid;\"><em>La educaci\u00f3n, como forma esencial de crecimiento de una comunidad, promueve la dignidad y los derechos del hombre en b\u00fasqueda de una mayor equidad en sus oportunidades. La educaci\u00f3n sistem\u00e1tica y sin deserci\u00f3n de nuestros alumnos, permite desarrollar conocimientos, aptitudes y actitudes para su inserci\u00f3n en los desaf\u00ed\u00ados y exigencias del mundo actual. <\/em> <em>Este Instituto Superior de Formaci\u00f3n Docente forma parte del sistema de educaci\u00f3n p\u00fablica de gesti\u00f3n estatal.<\/em> <em>A trav\u00e9s de este sitio en Internet, nuestro Instituto podr\u00e1 comunicar novedades, acercar informaci\u00f3n, compartir experiencias y brindar apoyo y asesoramiento a\u00a0alumnos, docentes e interesados en formar parte de esta comunidad educativa.<\/em> <em>Junto con varios cientos de Institutos, integramos la <strong>Red\u00a0Virtual de Institutos Superiores de Formaci\u00f3n Docente<\/strong>\u00a0coordinada por el <strong>INFD<\/strong> (Instituto Nacional de Formaci\u00f3n Docente) dependiente del Ministerio de Educaci\u00f3n de la Naci\u00f3n Argentina. <a href=\"https:\/\/esc39-sfe.infd.edu.ar\/sitio\/historia\/\">Leer m\u00e1s<\/a><\/em><\/td>\n<\/tr>\n<\/tbody>\n<\/table>\n<div  class=\"lgc-column lgc-grid-parent lgc-grid-50 lgc-tablet-grid-50 lgc-mobile-grid-100 lgc-equal-heights \"><div  class=\"inside-grid-column\"><img decoding=\"async\" loading=\"lazy\" title=\"proyeccion\" src=\"https:\/\/esc39-sfe.infd.edu.ar\/sitio\/wp-content\/uploads\/2018\/08\/DSCN1652.jpg\" alt=\"proyeccion\" width=\"646\" height=\"485\" border=\"0\" \/><\/div><\/div> <div  class=\"lgc-column lgc-grid-parent lgc-grid-50 lgc-tablet-grid-50 lgc-mobile-grid-100 lgc-equal-heights \"><div  class=\"inside-grid-column\"><img decoding=\"async\" title=\"\" src=\"https:\/\/esc39-sfe.infd.edu.ar\/sitio\/wp-content\/uploads\/2018\/08\/Frente_de_la_escuela.jpg\" alt=\"\" border=\"0\" \/><\/div><\/div>\n","protected":false},"excerpt":{"rendered":"<p>\u00a0 Noticias<\/p>\n","protected":false},"author":1,"featured_media":0,"parent":0,"menu_order":0,"comment_status":"closed","ping_status":"closed","template":"","meta":[],"acf":[],"_links":{"self":[{"href":"https:\/\/esc39-sfe.infd.edu.ar\/sitio\/wp-json\/wp\/v2\/pages\/286"}],"collection":[{"href":"https:\/\/esc39-sfe.infd.edu.ar\/sitio\/wp-json\/wp\/v2\/pages"}],"about":[{"href":"https:\/\/esc39-sfe.infd.edu.ar\/sitio\/wp-json\/wp\/v2\/types\/page"}],"author":[{"embeddable":true,"href":"https:\/\/esc39-sfe.infd.edu.ar\/sitio\/wp-json\/wp\/v2\/users\/1"}],"replies":[{"embeddable":true,"href":"https:\/\/esc39-sfe.infd.edu.ar\/sitio\/wp-json\/wp\/v2\/comments?post=286"}],"version-history":[{"count":135,"href":"https:\/\/esc39-sfe.infd.edu.ar\/sitio\/wp-json\/wp\/v2\/pages\/286\/revisions"}],"predecessor-version":[{"id":1423,"href":"https:\/\/esc39-sfe.infd.edu.ar\/sitio\/wp-json\/wp\/v2\/pages\/286\/revisions\/1423"}],"wp:attachment":[{"href":"https:\/\/esc39-sfe.infd.edu.ar\/sitio\/wp-json\/wp\/v2\/media?parent=286"}],"curies":[{"name":"wp","href":"https:\/\/api.w.org\/{rel}","templated":true}]}}